{"id":4223,"date":"2023-02-23T18:32:14","date_gmt":"2023-02-23T18:32:14","guid":{"rendered":"https:\/\/www.qualogy.com\/algemene-voorwaarden\/"},"modified":"2025-12-12T21:41:01","modified_gmt":"2025-12-12T21:41:01","slug":"algemene-voorwaarden","status":"publish","type":"page","link":"https:\/\/www.qualogy.com\/es\/algemene-voorwaarden\/","title":{"rendered":"Condiciones generales"},"content":{"rendered":"<h1>Condiciones generales<\/h1>\n<p>En qualogy, a la que se accede en <a href=\"https:\/\/www.qualogy.com\/es\/\">https:\/\/www.qualogy.com,<\/a> una de nuestras principales prioridades es la privacidad de nuestros visitantes. Este documento de pol\u00edtica de privacidad contiene tipos de informaci\u00f3n recopilada y registrada por qualogy y c\u00f3mo la utilizamos.<\/p>\n<p>Si tienes m\u00e1s preguntas o deseas m\u00e1s informaci\u00f3n sobre nuestra pol\u00edtica de privacidad, no dudes en ponerte en contacto con nosotros.<\/p>\n<p>Esta pol\u00edtica de privacidad s\u00f3lo se aplica a nuestras actividades en l\u00ednea y es v\u00e1lida para los visitantes de nuestro sitio web con respecto a la informaci\u00f3n compartida y\/o recopilada en qualogy. Esta pol\u00edtica no se aplica a la informaci\u00f3n recopilada fuera de l\u00ednea o a trav\u00e9s de canales distintos de este sitio web. <\/p>\n<h2>Permiso<\/h2>\n<p>Al utilizar nuestro sitio web, aceptas nuestra pol\u00edtica de privacidad y est\u00e1s de acuerdo con sus t\u00e9rminos.<\/p>\n<h2>Informaci\u00f3n que recogemos<\/h2>\n<p>La informaci\u00f3n personal que se te pide que proporciones, y las razones por las que se te pide que la proporciones, se te aclarar\u00e1n en el momento en que te pidamos que proporciones tu informaci\u00f3n personal.<\/p>\n<p>Si te pones en contacto con nosotros directamente, podemos recibir informaci\u00f3n adicional sobre ti, como tu nombre, direcci\u00f3n de correo electr\u00f3nico, n\u00famero de tel\u00e9fono, el contenido del mensaje y\/o los archivos adjuntos que nos env\u00edes, y cualquier otra informaci\u00f3n que decidas proporcionar .<\/p>\n<p>Cuando te registras para obtener una cuenta, podemos pedirte tus datos de contacto, incluyendo cosas como nombre, nombre de la empresa, direcci\u00f3n, direcci\u00f3n de correo electr\u00f3nico y n\u00famero de tel\u00e9fono.<\/p>\n<h2>C\u00f3mo utilizamos tu informaci\u00f3n<\/h2>\n<p>Utilizamos la informaci\u00f3n que recopilamos de varias formas, entre ellas:<\/p>\n<ul>\n<li>Proporcionar, operar y mantener nuestro sitio web<\/li>\n<li>Mejorar, personalizar y ampliar nuestro sitio web<\/li>\n<li>Comprender y analizar c\u00f3mo utilizas nuestro sitio web<\/li>\n<li>Desarrollar nuevos productos, servicios, caracter\u00edsticas y funcionalidades<\/li>\n<li>Comunicarnos contigo directamente o a trav\u00e9s de uno de nuestros socios, incluso con fines de atenci\u00f3n al cliente, para proporcionarte actualizaciones y otra informaci\u00f3n relacionada con el sitio web, y con fines de marketing y promoci\u00f3n.<\/li>\n<li>Enviarte correos electr\u00f3nicos<\/li>\n<li>Detectar y prevenir el fraude<\/li>\n<\/ul>\n<h2>Archivos de registro<\/h2>\n<p>qualogy sigue un procedimiento est\u00e1ndar para utilizar archivos de registro. Estos archivos registran a los visitantes cuando visitan los sitios web. Todas las empresas de alojamiento lo hacen y forman parte del an\u00e1lisis de los servicios de alojamiento. La informaci\u00f3n recogida por los archivos de registro incluye direcciones de protocolo de Internet (IP), tipo de navegador, proveedor de servicios de Internet (ISP), fecha y hora, p\u00e1ginas de referencia\/salida y posiblemente el n\u00famero de clics. Estos datos no est\u00e1n vinculados a informaci\u00f3n personal identificable. La finalidad de la informaci\u00f3n es analizar tendencias, administrar el sitio, seguir los movimientos de los usuarios por el sitio web y recopilar informaci\u00f3n demogr\u00e1fica.     <\/p>\n<h2>Cookies y balizas web<\/h2>\n<p>Como cualquier otro sitio web, qualogy utiliza \u00bbcookies\u00bb. Estas cookies se utilizan para almacenar informaci\u00f3n, incluidas las preferencias de los visitantes y las p\u00e1ginas del sitio web que han visitado o visitan. La informaci\u00f3n se utiliza para optimizar la experiencia del usuario ajustando el contenido de nuestras p\u00e1ginas web en funci\u00f3n del tipo de navegador del visitante y\/u otra informaci\u00f3n.  <\/p>\n<h2>Pol\u00edtica de privacidad de los socios publicitarios<\/h2>\n<p>Puedes consultar esta lista para encontrar la pol\u00edtica de privacidad de cada uno de los socios publicitarios de qualogy.<\/p>\n<p>Los servidores o redes publicitarias de terceros utilizan tecnolog\u00edas como cookies, JavaScript o balizas web utilizadas en sus respectivos anuncios y enlaces que aparecen en qualogy, que se env\u00edan directamente al navegador del usuario. Cuando esto ocurre, reciben autom\u00e1ticamente tu direcci\u00f3n IP. Estas tecnolog\u00edas se utilizan para medir la eficacia de sus campa\u00f1as publicitarias y\/o para personalizar el contenido publicitario que ves en los sitios web que visitas.  <\/p>\n<p>Ten en cuenta que qualogy no tiene acceso ni control sobre estas cookies utilizadas por terceros anunciantes.<\/p>\n<h2>Pol\u00edtica de privacidad de terceros<\/h2>\n<p>La pol\u00edtica de privacidad de qualogy no se aplica a otros anunciantes o sitios web. Por lo tanto, te animamos a que consultes las respectivas pol\u00edticas de privacidad de estos servidores de anuncios de terceros para obtener informaci\u00f3n m\u00e1s detallada. Puede incluir sus pr\u00e1cticas e instrucciones sobre c\u00f3mo optar por no participar en determinadas opciones.  <\/p>\n<p>Puedes optar por desactivar las cookies a trav\u00e9s de las opciones individuales de tu navegador. Para obtener informaci\u00f3n m\u00e1s detallada sobre la gesti\u00f3n de cookies con navegadores web espec\u00edficos, puedes encontrarla en los sitios web respectivos de los navegadores. <\/p>\n<h2>Derechos de privacidad CCPA (no vendas mis datos personales)<\/h2>\n<p>En virtud de la CCPA, los consumidores de California tienen derecho, entre otras cosas, a:<\/p>\n<p>Exigir a una empresa que recopila datos personales de un consumidor que revele las categor\u00edas y los tipos espec\u00edficos de datos personales que ha recopilado sobre los consumidores.<\/p>\n<p>Exigir que una empresa elimine todos los datos personales sobre los consumidores que haya recopilado.<\/p>\n<p>Solicitar que una empresa que vende los datos personales de un consumidor no venda los datos personales del consumidor.<\/p>\n<p>Si presentas una solicitud, tenemos un mes para responderte. Si deseas ejercer alguno de estos derechos, ponte en contacto con nosotros. <\/p>\n<h2>Derechos de protecci\u00f3n de datos de AVG<\/h2>\n<p>Queremos asegurarnos de que eres plenamente consciente de todos tus derechos en materia de protecci\u00f3n de datos. Todo usuario tiene derecho a lo siguiente: <\/p>\n<p>Derecho de acceso - Tienes derecho a solicitar copias de tus datos personales. Podemos cobrarte una peque\u00f1a cantidad por este servicio. <\/p>\n<p>Derecho de rectificaci\u00f3n - Tienes derecho a solicitar que corrijamos la informaci\u00f3n que consideres incorrecta. Tambi\u00e9n tienes derecho a solicitar que completemos la informaci\u00f3n que consideres incompleta. <\/p>\n<p>Derecho de supresi\u00f3n - Tienes derecho a solicitar que borremos tus datos personales, siempre que se cumplan determinadas condiciones.<\/p>\n<p>Derecho a restringir el tratamiento - Tienes derecho a solicitarnos que restrinjamos el tratamiento de tus datos personales, siempre que se cumplan determinadas condiciones.<\/p>\n<p>Derecho a oponerte al tratamiento - Tienes derecho a oponerte a que tratemos tus datos personales, en determinadas condiciones.<\/p>\n<p>Derecho a la portabilidad de los datos - Tienes derecho a solicitar que transfiramos los datos que hemos recopilado a otra organizaci\u00f3n, o directamente a ti, en determinadas condiciones.<\/p>\n<p>Si presentas una solicitud, tenemos un mes para responderte. Si deseas ejercer alguno de estos derechos, ponte en contacto con nosotros. <\/p>\n<h2>Informaci\u00f3n para ni\u00f1os<\/h2>\n<p>Otra parte de nuestra prioridad es a\u00f1adir protecci\u00f3n para los ni\u00f1os mientras navegan por Internet. Animamos a los padres y tutores a que observen, participen y\/o controlen y supervisen sus actividades en l\u00ednea. <\/p>\n<p>qualogy no recopila conscientemente informaci\u00f3n personal identificable de ni\u00f1os menores de 13 a\u00f1os. Si crees que tu hijo ha proporcionado dicha informaci\u00f3n en nuestro sitio web, te recomendamos encarecidamente que te pongas en contacto con nosotros inmediatamente y haremos todo lo posible para eliminar dicha informaci\u00f3n de nuestros registros de inmediato. <\/p>\n<h2>Cambios en esta pol\u00edtica de privacidad<\/h2>\n<p>Podemos actualizar nuestra pol\u00edtica de privacidad de vez en cuando. Por lo tanto, te recomendamos que consultes esta p\u00e1gina con regularidad para comprobar si se han producido cambios. Te notificaremos cualquier cambio publicando la nueva pol\u00edtica de privacidad en esta p\u00e1gina. Estos cambios entrar\u00e1n en vigor inmediatamente despu\u00e9s de su publicaci\u00f3n en esta p\u00e1gina.   <\/p>\n<h2>Contacta con nosotros<\/h2>\n<p>Si tienes alguna pregunta o sugerencia sobre nuestra pol\u00edtica de privacidad, no dudes en ponerte en contacto con nosotros.<\/p>\n","protected":false},"excerpt":{"rendered":"<p>Condiciones generales En qualogy, a la que se accede en https:\/\/www.qualogy.com, una de nuestras principales prioridades es la privacidad de nuestros visitantes. Este documento de pol\u00edtica de privacidad contiene tipos&#8230;<\/p>\n","protected":false},"author":1,"featured_media":0,"parent":0,"menu_order":0,"comment_status":"closed","ping_status":"closed","template":"","meta":{"_acf_changed":false,"footnotes":""},"class_list":["post-4223","page","type-page","status-publish"],"acf":[],"yoast_head":"<!-- This site is optimized with the Yoast SEO plugin v26.6 - https:\/\/yoast.com\/wordpress\/plugins\/seo\/ -->\n<title>Condiciones generales - Qualogy<\/title>\n<meta name=\"description\" content=\"Consulta aqu\u00ed nuestras condiciones generales. Si tienes m\u00e1s preguntas o deseas m\u00e1s informaci\u00f3n, ponte en contacto con nosotros.\" \/>\n<meta name=\"robots\" content=\"index, follow, max-snippet:-1, max-image-preview:large, max-video-preview:-1\" \/>\n<link rel=\"canonical\" href=\"https:\/\/www.qualogy.com\/es\/algemene-voorwaarden\/\" \/>\n<meta property=\"og:locale\" content=\"es_ES\" \/>\n<meta property=\"og:type\" content=\"article\" \/>\n<meta property=\"og:title\" content=\"Condiciones generales - Qualogy\" \/>\n<meta property=\"og:description\" content=\"Consulta aqu\u00ed nuestras condiciones generales. Si tienes m\u00e1s preguntas o deseas m\u00e1s informaci\u00f3n, ponte en contacto con nosotros.\" \/>\n<meta property=\"og:url\" content=\"https:\/\/www.qualogy.com\/es\/algemene-voorwaarden\/\" \/>\n<meta property=\"og:site_name\" content=\"Qualogy\" \/>\n<meta property=\"article:publisher\" content=\"https:\/\/www.facebook.com\/qualogy\" \/>\n<meta property=\"article:modified_time\" content=\"2025-12-12T21:41:01+00:00\" \/>\n<meta property=\"og:image\" content=\"https:\/\/www.qualogy.com\/wp-content\/uploads\/2023\/01\/DSC06173-min-scaled.jpg\" \/>\n\t<meta property=\"og:image:width\" content=\"2560\" \/>\n\t<meta property=\"og:image:height\" content=\"1439\" \/>\n\t<meta property=\"og:image:type\" content=\"image\/jpeg\" \/>\n<meta name=\"twitter:card\" content=\"summary_large_image\" \/>\n<meta name=\"twitter:site\" content=\"@qualogy_news\" \/>\n<meta name=\"twitter:label1\" content=\"Tiempo de lectura\" \/>\n\t<meta name=\"twitter:data1\" content=\"7 minutos\" \/>\n<script type=\"application\/ld+json\" class=\"yoast-schema-graph\">{\"@context\":\"https:\/\/schema.org\",\"@graph\":[{\"@type\":\"WebPage\",\"@id\":\"https:\/\/www.qualogy.com\/es\/algemene-voorwaarden\/\",\"url\":\"https:\/\/www.qualogy.com\/es\/algemene-voorwaarden\/\",\"name\":\"Condiciones generales - Qualogy\",\"isPartOf\":{\"@id\":\"https:\/\/www.qualogy.com\/es\/#website\"},\"datePublished\":\"2023-02-23T18:32:14+00:00\",\"dateModified\":\"2025-12-12T21:41:01+00:00\",\"description\":\"Consulta aqu\u00ed nuestras condiciones generales. Si tienes m\u00e1s preguntas o deseas m\u00e1s informaci\u00f3n, ponte en contacto con nosotros.\",\"breadcrumb\":{\"@id\":\"https:\/\/www.qualogy.com\/es\/algemene-voorwaarden\/#breadcrumb\"},\"inLanguage\":\"es\",\"potentialAction\":[{\"@type\":\"ReadAction\",\"target\":[\"https:\/\/www.qualogy.com\/es\/algemene-voorwaarden\/\"]}]},{\"@type\":\"BreadcrumbList\",\"@id\":\"https:\/\/www.qualogy.com\/es\/algemene-voorwaarden\/#breadcrumb\",\"itemListElement\":[{\"@type\":\"ListItem\",\"position\":1,\"name\":\"Inicio\",\"item\":\"https:\/\/www.qualogy.com\/es\/\"},{\"@type\":\"ListItem\",\"position\":2,\"name\":\"Condiciones generales\"}]},{\"@type\":\"WebSite\",\"@id\":\"https:\/\/www.qualogy.com\/es\/#website\",\"url\":\"https:\/\/www.qualogy.com\/es\/\",\"name\":\"Qualogy\",\"description\":\"Quality in Information Technology\",\"publisher\":{\"@id\":\"https:\/\/www.qualogy.com\/es\/#organization\"},\"potentialAction\":[{\"@type\":\"SearchAction\",\"target\":{\"@type\":\"EntryPoint\",\"urlTemplate\":\"https:\/\/www.qualogy.com\/es\/?s={search_term_string}\"},\"query-input\":{\"@type\":\"PropertyValueSpecification\",\"valueRequired\":true,\"valueName\":\"search_term_string\"}}],\"inLanguage\":\"es\"},{\"@type\":\"Organization\",\"@id\":\"https:\/\/www.qualogy.com\/es\/#organization\",\"name\":\"Qualogy\",\"url\":\"https:\/\/www.qualogy.com\/es\/\",\"logo\":{\"@type\":\"ImageObject\",\"inLanguage\":\"es\",\"@id\":\"https:\/\/www.qualogy.com\/es\/#\/schema\/logo\/image\/\",\"url\":\"https:\/\/www.qualogy.com\/wp-content\/uploads\/2023\/01\/Group-1.svg\",\"contentUrl\":\"https:\/\/www.qualogy.com\/wp-content\/uploads\/2023\/01\/Group-1.svg\",\"width\":1,\"height\":1,\"caption\":\"Qualogy\"},\"image\":{\"@id\":\"https:\/\/www.qualogy.com\/es\/#\/schema\/logo\/image\/\"},\"sameAs\":[\"https:\/\/www.facebook.com\/qualogy\",\"https:\/\/x.com\/qualogy_news\",\"https:\/\/www.youtube.com\/user\/Qualogytv\",\"https:\/\/www.linkedin.com\/company\/qualogy\/\"]}]}<\/script>\n<!-- \/ Yoast SEO plugin. -->","yoast_head_json":{"title":"Condiciones generales - Qualogy","description":"Consulta aqu\u00ed nuestras condiciones generales. Si tienes m\u00e1s preguntas o deseas m\u00e1s informaci\u00f3n, ponte en contacto con nosotros.","robots":{"index":"index","follow":"follow","max-snippet":"max-snippet:-1","max-image-preview":"max-image-preview:large","max-video-preview":"max-video-preview:-1"},"canonical":"https:\/\/www.qualogy.com\/es\/algemene-voorwaarden\/","og_locale":"es_ES","og_type":"article","og_title":"Condiciones generales - Qualogy","og_description":"Consulta aqu\u00ed nuestras condiciones generales. Si tienes m\u00e1s preguntas o deseas m\u00e1s informaci\u00f3n, ponte en contacto con nosotros.","og_url":"https:\/\/www.qualogy.com\/es\/algemene-voorwaarden\/","og_site_name":"Qualogy","article_publisher":"https:\/\/www.facebook.com\/qualogy","article_modified_time":"2025-12-12T21:41:01+00:00","og_image":[{"width":2560,"height":1439,"url":"https:\/\/www.qualogy.com\/wp-content\/uploads\/2023\/01\/DSC06173-min-scaled.jpg","type":"image\/jpeg"}],"twitter_card":"summary_large_image","twitter_site":"@qualogy_news","twitter_misc":{"Tiempo de lectura":"7 minutos"},"schema":{"@context":"https:\/\/schema.org","@graph":[{"@type":"WebPage","@id":"https:\/\/www.qualogy.com\/es\/algemene-voorwaarden\/","url":"https:\/\/www.qualogy.com\/es\/algemene-voorwaarden\/","name":"Condiciones generales - Qualogy","isPartOf":{"@id":"https:\/\/www.qualogy.com\/es\/#website"},"datePublished":"2023-02-23T18:32:14+00:00","dateModified":"2025-12-12T21:41:01+00:00","description":"Consulta aqu\u00ed nuestras condiciones generales. Si tienes m\u00e1s preguntas o deseas m\u00e1s informaci\u00f3n, ponte en contacto con nosotros.","breadcrumb":{"@id":"https:\/\/www.qualogy.com\/es\/algemene-voorwaarden\/#breadcrumb"},"inLanguage":"es","potentialAction":[{"@type":"ReadAction","target":["https:\/\/www.qualogy.com\/es\/algemene-voorwaarden\/"]}]},{"@type":"BreadcrumbList","@id":"https:\/\/www.qualogy.com\/es\/algemene-voorwaarden\/#breadcrumb","itemListElement":[{"@type":"ListItem","position":1,"name":"Inicio","item":"https:\/\/www.qualogy.com\/es\/"},{"@type":"ListItem","position":2,"name":"Condiciones generales"}]},{"@type":"WebSite","@id":"https:\/\/www.qualogy.com\/es\/#website","url":"https:\/\/www.qualogy.com\/es\/","name":"Qualogy","description":"Quality in Information Technology","publisher":{"@id":"https:\/\/www.qualogy.com\/es\/#organization"},"potentialAction":[{"@type":"SearchAction","target":{"@type":"EntryPoint","urlTemplate":"https:\/\/www.qualogy.com\/es\/?s={search_term_string}"},"query-input":{"@type":"PropertyValueSpecification","valueRequired":true,"valueName":"search_term_string"}}],"inLanguage":"es"},{"@type":"Organization","@id":"https:\/\/www.qualogy.com\/es\/#organization","name":"Qualogy","url":"https:\/\/www.qualogy.com\/es\/","logo":{"@type":"ImageObject","inLanguage":"es","@id":"https:\/\/www.qualogy.com\/es\/#\/schema\/logo\/image\/","url":"https:\/\/www.qualogy.com\/wp-content\/uploads\/2023\/01\/Group-1.svg","contentUrl":"https:\/\/www.qualogy.com\/wp-content\/uploads\/2023\/01\/Group-1.svg","width":1,"height":1,"caption":"Qualogy"},"image":{"@id":"https:\/\/www.qualogy.com\/es\/#\/schema\/logo\/image\/"},"sameAs":["https:\/\/www.facebook.com\/qualogy","https:\/\/x.com\/qualogy_news","https:\/\/www.youtube.com\/user\/Qualogytv","https:\/\/www.linkedin.com\/company\/qualogy\/"]}]}},"_links":{"self":[{"href":"https:\/\/www.qualogy.com\/es\/wp-json\/wp\/v2\/pages\/4223","targetHints":{"allow":["GET"]}}],"collection":[{"href":"https:\/\/www.qualogy.com\/es\/wp-json\/wp\/v2\/pages"}],"about":[{"href":"https:\/\/www.qualogy.com\/es\/wp-json\/wp\/v2\/types\/page"}],"author":[{"embeddable":true,"href":"https:\/\/www.qualogy.com\/es\/wp-json\/wp\/v2\/users\/1"}],"replies":[{"embeddable":true,"href":"https:\/\/www.qualogy.com\/es\/wp-json\/wp\/v2\/comments?post=4223"}],"version-history":[{"count":0,"href":"https:\/\/www.qualogy.com\/es\/wp-json\/wp\/v2\/pages\/4223\/revisions"}],"wp:attachment":[{"href":"https:\/\/www.qualogy.com\/es\/wp-json\/wp\/v2\/media?parent=4223"}],"curies":[{"name":"wp","href":"https:\/\/api.w.org\/{rel}","templated":true}]}}