{"id":4328,"date":"2025-05-22T11:26:38","date_gmt":"2025-05-22T11:26:38","guid":{"rendered":"https:\/\/www.qualogy.com\/trabajar-en\/arbeidsvoorwaarden\/"},"modified":"2025-12-12T21:41:23","modified_gmt":"2025-12-12T21:41:23","slug":"arbeidsvoorwaarden","status":"publish","type":"page","link":"https:\/\/www.qualogy.com\/es\/werken-bij\/arbeidsvoorwaarden\/","title":{"rendered":"Condiciones de empleo"},"content":{"rendered":"[vc_row type=\u00bbfull_width_background\u00bb full_screen_row_position=\u00bbmiddle\u00bb column_margin=\u00bbdefault\u00bb column_direction=\u00bbdefault\u00bb column_direction_tablet=\u00bbdefault\u00bb column_direction_phone=\u00bbdefault\u00bb bg_image=\u00bb1079&#8243; bg_position=\u00bbcenter center\u00bb background_image_loading=\u00bbdefault\u00bb bg_repeat=\u00bbno-repeat\u00bb scene_position=\u00bbcenter\u00bb top_padding=\u00bb200px\u00bb bottom_padding=\u00bb100px\u00bb top_padding_tablet=\u00bb160px\u00bb constrain_group_3=\u00bbyes\u00bb bottom_padding_tablet=\u00bb160px\u00bb top_padding_phone=\u00bb120px\u00bb bottom_padding_phone=\u00bb60px\u00bb text_color=\u00bbdark\u00bb text_align=\u00bbleft\u00bb row_border_radius=\u00bbnone\u00bb row_border_radius_applies=\u00bbbg\u00bb overflow=\u00bbvisible\u00bb enable_gradient=\u00bbtrue\u00bb color_overlay=\u00bbrgba(0,0,0,0.01)\u00bb color_overlay_2=\u00bb#000000&#8243; overlay_strength=\u00bb0.5&#8243; gradient_direction=\u00bbtop_to_bottom\u00bb shape_divider_position=\u00bbbottom\u00bb bg_image_animation=\u00bbnone\u00bb gradient_type=\u00bbdefault\u00bb shape_type=\u00bb\u00bb][vc_column column_padding=\u00bbno-extra-padding\u00bb column_padding_tablet=\u00bbinherit\u00bb column_padding_phone=\u00bbinherit\u00bb column_padding_position=\u00bball\u00bb column_element_direction_desktop=\u00bbdefault\u00bb column_element_spacing=\u00bbdefault\u00bb desktop_text_alignment=\u00bbleft\u00bb tablet_text_alignment=\u00bbdefault\u00bb phone_text_alignment=\u00bbdefault\u00bb background_color_opacity=\u00bb1&#8243; background_hover_color_opacity=\u00bb1&#8243; column_backdrop_filter=\u00bbnone\u00bb font_color=\u00bb#000000&#8243; column_shadow=\u00bbnone\u00bb column_border_radius=\u00bbnone\u00bb column_link_target=\u00bb_self\u00bb column_position=\u00bbdefault\u00bb gradient_direction=\u00bbleft_to_right\u00bb overlay_strength=\u00bb0.3&#8243; width=\u00bb1\/1&#8243; tablet_width_inherit=\u00bbdefault\u00bb animation_type=\u00bbdefault\u00bb bg_image_animation=\u00bbnone\u00bb border_type=\u00bbsimple\u00bb column_border_width=\u00bbnone\u00bb column_border_style=\u00bbsolid\u00bb column_padding_type=\u00bbdefault\u00bb gradient_type=\u00bbdefault\u00bb][divider line_type=\u00bbNo Line\u00bb custom_height=\u00bb25vh\u00bb custom_height_tablet=\u00bb80px\u00bb custom_height_phone=\u00bb60px\u00bb][nectar_responsive_text text_color=\u00bb#ffffff\u00bb font_size_desktop=\u00bb92px\u00bb font_size_tablet=\u00bb72px\u00bb font_size_phone=\u00bb48px\u00bb font_line_height=\u00bb1.1&#8243;]\n<h2 class=\"section-title\">Condiciones de empleo<\/h2>\n[\/nectar_responsive_text][\/vc_column][\/vc_row][vc_row type=\u00bbfull_width_background\u00bb full_screen_row_position=\u00bbmiddle\u00bb column_margin=\u00bbdefault\u00bb column_direction=\u00bbdefault\u00bb column_direction_tablet=\u00bbdefault\u00bb column_direction_phone=\u00bbdefault\u00bb scene_position=\u00bbcenter\u00bb top_padding=\u00bb40px\u00bb bottom_padding=\u00bb100px\u00bb top_padding_tablet=\u00bb36px\u00bb bottom_padding_tablet=\u00bb36px\u00bb top_padding_phone=\u00bb36px\u00bb bottom_padding_phone=\u00bb36px\u00bb text_color=\u00bbdark\u00bb text_align=\u00bbleft\u00bb row_border_radius=\u00bbnone\u00bb row_border_radius_applies=\u00bbbg\u00bb overflow=\u00bbvisible\u00bb overlay_strength=\u00bb0.3&#8243; gradient_direction=\u00bbleft_to_right\u00bb shape_divider_position=\u00bbbottom\u00bb bg_image_animation=\u00bbnone\u00bb gradient_type=\u00bbdefault\u00bb shape_type=\u00bb\u00bb][vc_column column_padding=\u00bbno-extra-padding\u00bb column_padding_tablet=\u00bbinherit\u00bb column_padding_phone=\u00bbinherit\u00bb column_padding_position=\u00bball\u00bb column_element_direction_desktop=\u00bbdefault\u00bb column_element_spacing=\u00bbdefault\u00bb desktop_text_alignment=\u00bbdefault\u00bb tablet_text_alignment=\u00bbdefault\u00bb phone_text_alignment=\u00bbdefault\u00bb background_color_opacity=\u00bb1&#8243; background_hover_color_opacity=\u00bb1&#8243; column_backdrop_filter=\u00bbnone\u00bb column_shadow=\u00bbnone\u00bb column_border_radius=\u00bbnone\u00bb column_link_target=\u00bb_self\u00bb column_position=\u00bbdefault\u00bb gradient_direction=\u00bbleft_to_right\u00bb overlay_strength=\u00bb0.3&#8243; width=\u00bb1\/1&#8243; tablet_width_inherit=\u00bbdefault\u00bb animation_type=\u00bbdefault\u00bb bg_image_animation=\u00bbnone\u00bb border_type=\u00bbsimple\u00bb column_border_width=\u00bbnone\u00bb column_border_style=\u00bbsolid\u00bb][vc_column_text]<nav aria-label=\"breadcrumbs\">\n            <div class=\"breadcrumb-container theme1\">\n                <ol>\n                                    <\/ol>\n            <\/div>\n        <\/nav>    <script type=\"application\/ld+json\">\n        {\n            \"@context\": \"http:\/\/schema.org\",\n            \"@type\": \"BreadcrumbList\",\n            \"itemListElement\": [\n                            ]\n        }\n    <\/script>\n   \n    <script>\n            <\/script>\n[\/vc_column_text][vc_row_inner column_margin=\u00bbdefault\u00bb column_direction=\u00bbdefault\u00bb column_direction_tablet=\u00bbdefault\u00bb column_direction_phone=\u00bbdefault\u00bb text_align=\u00bbleft\u00bb row_position=\u00bbdefault\u00bb row_position_tablet=\u00bbinherit\u00bb row_position_phone=\u00bbinherit\u00bb overflow=\u00bbvisible\u00bb pointer_events=\u00bball\u00bb][vc_column_inner column_padding=\u00bbno-extra-padding\u00bb column_padding_tablet=\u00bbinherit\u00bb column_padding_phone=\u00bbinherit\u00bb column_padding_position=\u00bball\u00bb column_element_direction_desktop=\u00bbdefault\u00bb column_element_spacing=\u00bbdefault\u00bb desktop_text_alignment=\u00bbdefault\u00bb tablet_text_alignment=\u00bbdefault\u00bb phone_text_alignment=\u00bbdefault\u00bb background_color_opacity=\u00bb1&#8243; background_hover_color_opacity=\u00bb1&#8243; column_backdrop_filter=\u00bbnone\u00bb column_shadow=\u00bbnone\u00bb column_border_radius=\u00bbnone\u00bb column_link_target=\u00bb_self\u00bb overflow=\u00bbvisible\u00bb gradient_direction=\u00bbleft_to_right\u00bb overlay_strength=\u00bb0.3&#8243; width=\u00bb1\/1&#8243; tablet_width_inherit=\u00bbdefault\u00bb animation_type=\u00bbdefault\u00bb bg_image_animation=\u00bbnone\u00bb border_type=\u00bbsimple\u00bb column_border_width=\u00bbnone\u00bb column_border_style=\u00bbsolid\u00bb][vc_column_text]Si vienes a trabajar a Qualogy, pasar\u00e1s a formar parte de la familia Qualogy. En nuestra vers\u00e1til empresa, los compa\u00f1eros trabajan internamente en proyectos innovadores utilizando las \u00faltimas tecnolog\u00edas.  Y nuestros experimentados asesores ayudan a diario a grandes clientes (internacionales). Un buen salario es siempre la base. Nuestras condiciones adicionales hacen de Qualogy un empleador de primera, como una estructura de bonificaciones \u00fanica y un generoso presupuesto para formaci\u00f3n.<\/p>\n<p>A continuaci\u00f3n encontrar\u00e1s algunas de nuestras condiciones. \u00bfTienes alguna pregunta o necesitas m\u00e1s informaci\u00f3n? Ponte en contacto con nosotros en <a title=\"\" href=\"mailto:career@qualogy.com\">career@qualogy.com<\/a> o llama <a title=\"\" href=\"tel:0702195322\">al 070 219 5322<\/a>.  <\/p>\n<p><b>Salario base y paga de vacaciones<\/b><br \/>\nEn Qualogy, ganar\u00e1s un excelente salario base. Lo basamos en tu nivel de estudios, tu experiencia laboral, tus conocimientos de inform\u00e1tica y tu edad.<br \/>\nEn mayo, se te pagar\u00e1 un 8% de vacaciones. <\/p>\n<p><b>Bonificaciones atractivas<\/b><br \/>\nRecompensamos el buen rendimiento: Qualogy tiene bonificaciones atractivas para todos sus empleados. Los consultores senior y medior tienen su propia estructura de bonificaciones, \u00fanica y transparente. Con la bonificaci\u00f3n, participas en el volumen de negocio que realizas para Qualogy. Y creces con la organizaci\u00f3n, porque cuanto m\u00e1s tiempo trabajes con nosotros, mayor ser\u00e1 el porcentaje de tu bonificaci\u00f3n. Puede llegar hasta el 50%.    <\/p>\n<p><b>Vacaciones y d\u00edas Q<\/b><br \/>\nTienes 30 d\u00edas festivos al a\u00f1o, incluyendo 1 d\u00eda Q (un d\u00eda libre extra determinado por Qualogy) y 1 d\u00eda de diversidad que puedes utilizar en un d\u00eda festivo de tu elecci\u00f3n.<\/p>\n<p><b>Presupuesto de desarrollo<\/b><br \/>\nQualogy es una casa del conocimiento. Te animamos continuamente a que sigas desarroll\u00e1ndote. Recibir\u00e1s un presupuesto de desarrollo de 2.500 euros al a\u00f1o. \u00bfEsto no es suficiente para ti? Excelente, porque entonces estar\u00e1s realmente ocupado con el desarrollo y estaremos encantados de pensar junto contigo.    <\/p>\n<p><b>Pensi\u00f3n<\/b><br \/>\n\u00bfEst\u00e1s so\u00f1ando ya con todas las cosas que quieres hacer en tu vejez? Qualogy tiene una pensi\u00f3n para todos sus empleados con Zwitserleven. <\/p>\n<p><b>Asignaci\u00f3n para port\u00e1til y tel\u00e9fono<\/b><br \/>\nA nadie le gustan las esperas innecesarias, por eso Qualogy te proporciona un port\u00e1til de gama alta en el que todo tu software funcionar\u00e1 a la velocidad del rayo. Puedes elegir entre un Windows y un MacBook. \u00bfPrefieres utilizar tu propio port\u00e1til? Puedes, porque tenemos una buena pol\u00edtica BYOD. De serie, te reembolsamos los gastos de tel\u00e9fono hasta un m\u00e1ximo de 40 euros al mes y prorrateados en caso de trabajo a tiempo parcial.    <\/p>\n<p><b>Subsidio de movilidad<\/b><br \/>\nQualogy tiene planes de movilidad para consultores y personal. Los consultores pueden elegir entre un presupuesto de movilidad y un coche de alquiler con tarjeta de combustible. La tarjeta de combustible tambi\u00e9n puede utilizarse en el extranjero. Para el personal, se aplica un presupuesto de movilidad durante los tres primeros a\u00f1os.   <\/p>\n<p><b>Seguro m\u00e9dico colectivo: ONVZ<\/b><br \/>\nAprovecha el excelente seguro m\u00e9dico colectivo de ONVZ. Como colega de Qualogy, recibir\u00e1s un atractivo descuento colectivo. <\/p>\n<p><b>Ni\u00f1era de empresa<br \/>\n<\/b>Uno de los rompecabezas m\u00e1s dif\u00edciles para los padres es: \u00bfc\u00f3mo organizo el cuidado de los ni\u00f1os? Sobre todo si surge un imprevisto porque tu hijo est\u00e1 enfermo, la guarder\u00eda est\u00e1 cerrada por falta de personal o no hay sustituto para el profesor enfermo. Con una \u00bbni\u00f1era de empresa\u00bb a trav\u00e9s de Qualogy, tienes m\u00e1s flexibilidad para afrontar estos casos no planificables.  <\/p>\n<p><b>Programa de fitness<\/b> de <b>empresa<\/b><br \/>\nNaturalmente, la salud de nuestros compa\u00f1eros es muy importante para nosotros. Para contribuir a ello, ofrecemos un programa de fitness para empresas. <\/p>\n<p>&nbsp;<\/p>\n<p><b>Eventos<\/b><br \/>\nVisita interesantes eventos, ferias y reuniones con tus colegas. Por ejemplo, J-Fall, Devoxx, APEX World y Oracle OpenWorld y Java One. <\/p>\n<p><b>Sesiones<\/b> de conocimientos, copas y salidas<br \/>\nOrganizamos regularmente divertidas sesiones de conocimientos, copas, almuerzos y salidas. Las fiestas anuales de verano y Navidad son tambi\u00e9n grandes momentos. Los ni\u00f1os y las parejas son muy bienvenidos. Durante el Qennisdag, los compa\u00f1eros hacen presentaciones y la jornada termina con bebidas y buena comida.[\/vc_column_text][\/vc_column_inner][\/vc_row_inner][\/vc_column][\/vc_row]\n","protected":false},"excerpt":{"rendered":"<p>[vc_row type=\u00bbfull_width_background\u00bb full_screen_row_position=\u00bbmiddle\u00bb column_margin=\u00bbdefault\u00bb column_direction=\u00bbdefault\u00bb column_direction_tablet=\u00bbdefault\u00bb column_direction_phone=\u00bbdefault\u00bb bg_image=\u00bb1079&#8243; bg_position=\u00bbcenter center\u00bb background_image_loading=\u00bbdefault\u00bb bg_repeat=\u00bbno-repeat\u00bb scene_position=\u00bbcenter\u00bb top_padding=\u00bb200px\u00bb bottom_padding=\u00bb100px\u00bb top_padding_tablet=\u00bb160px\u00bb constrain_group_3=\u00bbyes\u00bb bottom_padding_tablet=\u00bb160px\u00bb top_padding_phone=\u00bb120px\u00bb bottom_padding_phone=\u00bb60px\u00bb text_color=\u00bbdark\u00bb text_align=\u00bbleft\u00bb row_border_radius=\u00bbnone\u00bb row_border_radius_applies=\u00bbbg\u00bb overflow=\u00bbvisible\u00bb enable_gradient=\u00bbtrue\u00bb color_overlay=\u00bbrgba(0,0,0,0.01)\u00bb color_overlay_2=\u00bb#000000&#8243; overlay_strength=\u00bb0.5&#8243; gradient_direction=\u00bbtop_to_bottom\u00bb&#8230;<\/p>\n","protected":false},"author":19,"featured_media":0,"parent":4052,"menu_order":0,"comment_status":"closed","ping_status":"closed","template":"","meta":{"_acf_changed":false,"footnotes":""},"class_list":["post-4328","page","type-page","status-publish"],"acf":[],"yoast_head":"<!-- This site is optimized with the Yoast SEO plugin v26.6 - https:\/\/yoast.com\/wordpress\/plugins\/seo\/ -->\n<title>Condiciones de empleo - Qualogy<\/title>\n<meta name=\"description\" content=\"Si vienes a trabajar a Qualogy, pasar\u00e1s a formar parte de la familia Qualogy. En nuestra vers\u00e1til empresa, los compa\u00f1eros trabajan internamente en proyectos innovadores utilizando las \u00faltimas tecnolog\u00edas.\" \/>\n<meta name=\"robots\" content=\"index, follow, max-snippet:-1, max-image-preview:large, max-video-preview:-1\" \/>\n<link rel=\"canonical\" href=\"https:\/\/www.qualogy.com\/es\/werken-bij\/arbeidsvoorwaarden\/\" \/>\n<meta property=\"og:locale\" content=\"es_ES\" \/>\n<meta property=\"og:type\" content=\"article\" \/>\n<meta property=\"og:title\" content=\"Condiciones de empleo - Qualogy\" \/>\n<meta property=\"og:description\" content=\"Si vienes a trabajar a Qualogy, pasar\u00e1s a formar parte de la familia Qualogy. En nuestra vers\u00e1til empresa, los compa\u00f1eros trabajan internamente en proyectos innovadores utilizando las \u00faltimas tecnolog\u00edas.\" \/>\n<meta property=\"og:url\" content=\"https:\/\/www.qualogy.com\/es\/werken-bij\/arbeidsvoorwaarden\/\" \/>\n<meta property=\"og:site_name\" content=\"Qualogy\" \/>\n<meta property=\"article:publisher\" content=\"https:\/\/www.facebook.com\/qualogy\" \/>\n<meta property=\"article:modified_time\" content=\"2025-12-12T21:41:23+00:00\" \/>\n<meta property=\"og:image\" content=\"https:\/\/www.qualogy.com\/wp-content\/uploads\/2023\/01\/DSC06173-min-scaled.jpg\" \/>\n\t<meta property=\"og:image:width\" content=\"2560\" \/>\n\t<meta property=\"og:image:height\" content=\"1439\" \/>\n\t<meta property=\"og:image:type\" content=\"image\/jpeg\" \/>\n<meta name=\"twitter:card\" content=\"summary_large_image\" \/>\n<meta name=\"twitter:site\" content=\"@qualogy_news\" \/>\n<meta name=\"twitter:label1\" content=\"Tiempo de lectura\" \/>\n\t<meta name=\"twitter:data1\" content=\"6 minutos\" \/>\n<script type=\"application\/ld+json\" class=\"yoast-schema-graph\">{\"@context\":\"https:\/\/schema.org\",\"@graph\":[{\"@type\":\"WebPage\",\"@id\":\"https:\/\/www.qualogy.com\/es\/werken-bij\/arbeidsvoorwaarden\/\",\"url\":\"https:\/\/www.qualogy.com\/es\/werken-bij\/arbeidsvoorwaarden\/\",\"name\":\"Condiciones de empleo - Qualogy\",\"isPartOf\":{\"@id\":\"https:\/\/www.qualogy.com\/es\/#website\"},\"datePublished\":\"2025-05-22T11:26:38+00:00\",\"dateModified\":\"2025-12-12T21:41:23+00:00\",\"description\":\"Si vienes a trabajar a Qualogy, pasar\u00e1s a formar parte de la familia Qualogy. En nuestra vers\u00e1til empresa, los compa\u00f1eros trabajan internamente en proyectos innovadores utilizando las \u00faltimas tecnolog\u00edas.\",\"breadcrumb\":{\"@id\":\"https:\/\/www.qualogy.com\/es\/werken-bij\/arbeidsvoorwaarden\/#breadcrumb\"},\"inLanguage\":\"es\",\"potentialAction\":[{\"@type\":\"ReadAction\",\"target\":[\"https:\/\/www.qualogy.com\/es\/werken-bij\/arbeidsvoorwaarden\/\"]}]},{\"@type\":\"BreadcrumbList\",\"@id\":\"https:\/\/www.qualogy.com\/es\/werken-bij\/arbeidsvoorwaarden\/#breadcrumb\",\"itemListElement\":[{\"@type\":\"ListItem\",\"position\":1,\"name\":\"Inicio\",\"item\":\"https:\/\/www.qualogy.com\/es\/\"},{\"@type\":\"ListItem\",\"position\":2,\"name\":\"Trabajar en\",\"item\":\"https:\/\/www.qualogy.com\/es\/werken-bij\/\"},{\"@type\":\"ListItem\",\"position\":3,\"name\":\"Condiciones de empleo\"}]},{\"@type\":\"WebSite\",\"@id\":\"https:\/\/www.qualogy.com\/es\/#website\",\"url\":\"https:\/\/www.qualogy.com\/es\/\",\"name\":\"Qualogy\",\"description\":\"Quality in Information Technology\",\"publisher\":{\"@id\":\"https:\/\/www.qualogy.com\/es\/#organization\"},\"potentialAction\":[{\"@type\":\"SearchAction\",\"target\":{\"@type\":\"EntryPoint\",\"urlTemplate\":\"https:\/\/www.qualogy.com\/es\/?s={search_term_string}\"},\"query-input\":{\"@type\":\"PropertyValueSpecification\",\"valueRequired\":true,\"valueName\":\"search_term_string\"}}],\"inLanguage\":\"es\"},{\"@type\":\"Organization\",\"@id\":\"https:\/\/www.qualogy.com\/es\/#organization\",\"name\":\"Qualogy\",\"url\":\"https:\/\/www.qualogy.com\/es\/\",\"logo\":{\"@type\":\"ImageObject\",\"inLanguage\":\"es\",\"@id\":\"https:\/\/www.qualogy.com\/es\/#\/schema\/logo\/image\/\",\"url\":\"https:\/\/www.qualogy.com\/wp-content\/uploads\/2023\/01\/Group-1.svg\",\"contentUrl\":\"https:\/\/www.qualogy.com\/wp-content\/uploads\/2023\/01\/Group-1.svg\",\"width\":1,\"height\":1,\"caption\":\"Qualogy\"},\"image\":{\"@id\":\"https:\/\/www.qualogy.com\/es\/#\/schema\/logo\/image\/\"},\"sameAs\":[\"https:\/\/www.facebook.com\/qualogy\",\"https:\/\/x.com\/qualogy_news\",\"https:\/\/www.youtube.com\/user\/Qualogytv\",\"https:\/\/www.linkedin.com\/company\/qualogy\/\"]}]}<\/script>\n<!-- \/ Yoast SEO plugin. -->","yoast_head_json":{"title":"Condiciones de empleo - Qualogy","description":"Si vienes a trabajar a Qualogy, pasar\u00e1s a formar parte de la familia Qualogy. En nuestra vers\u00e1til empresa, los compa\u00f1eros trabajan internamente en proyectos innovadores utilizando las \u00faltimas tecnolog\u00edas.","robots":{"index":"index","follow":"follow","max-snippet":"max-snippet:-1","max-image-preview":"max-image-preview:large","max-video-preview":"max-video-preview:-1"},"canonical":"https:\/\/www.qualogy.com\/es\/werken-bij\/arbeidsvoorwaarden\/","og_locale":"es_ES","og_type":"article","og_title":"Condiciones de empleo - Qualogy","og_description":"Si vienes a trabajar a Qualogy, pasar\u00e1s a formar parte de la familia Qualogy. En nuestra vers\u00e1til empresa, los compa\u00f1eros trabajan internamente en proyectos innovadores utilizando las \u00faltimas tecnolog\u00edas.","og_url":"https:\/\/www.qualogy.com\/es\/werken-bij\/arbeidsvoorwaarden\/","og_site_name":"Qualogy","article_publisher":"https:\/\/www.facebook.com\/qualogy","article_modified_time":"2025-12-12T21:41:23+00:00","og_image":[{"width":2560,"height":1439,"url":"https:\/\/www.qualogy.com\/wp-content\/uploads\/2023\/01\/DSC06173-min-scaled.jpg","type":"image\/jpeg"}],"twitter_card":"summary_large_image","twitter_site":"@qualogy_news","twitter_misc":{"Tiempo de lectura":"6 minutos"},"schema":{"@context":"https:\/\/schema.org","@graph":[{"@type":"WebPage","@id":"https:\/\/www.qualogy.com\/es\/werken-bij\/arbeidsvoorwaarden\/","url":"https:\/\/www.qualogy.com\/es\/werken-bij\/arbeidsvoorwaarden\/","name":"Condiciones de empleo - Qualogy","isPartOf":{"@id":"https:\/\/www.qualogy.com\/es\/#website"},"datePublished":"2025-05-22T11:26:38+00:00","dateModified":"2025-12-12T21:41:23+00:00","description":"Si vienes a trabajar a Qualogy, pasar\u00e1s a formar parte de la familia Qualogy. En nuestra vers\u00e1til empresa, los compa\u00f1eros trabajan internamente en proyectos innovadores utilizando las \u00faltimas tecnolog\u00edas.","breadcrumb":{"@id":"https:\/\/www.qualogy.com\/es\/werken-bij\/arbeidsvoorwaarden\/#breadcrumb"},"inLanguage":"es","potentialAction":[{"@type":"ReadAction","target":["https:\/\/www.qualogy.com\/es\/werken-bij\/arbeidsvoorwaarden\/"]}]},{"@type":"BreadcrumbList","@id":"https:\/\/www.qualogy.com\/es\/werken-bij\/arbeidsvoorwaarden\/#breadcrumb","itemListElement":[{"@type":"ListItem","position":1,"name":"Inicio","item":"https:\/\/www.qualogy.com\/es\/"},{"@type":"ListItem","position":2,"name":"Trabajar en","item":"https:\/\/www.qualogy.com\/es\/werken-bij\/"},{"@type":"ListItem","position":3,"name":"Condiciones de empleo"}]},{"@type":"WebSite","@id":"https:\/\/www.qualogy.com\/es\/#website","url":"https:\/\/www.qualogy.com\/es\/","name":"Qualogy","description":"Quality in Information Technology","publisher":{"@id":"https:\/\/www.qualogy.com\/es\/#organization"},"potentialAction":[{"@type":"SearchAction","target":{"@type":"EntryPoint","urlTemplate":"https:\/\/www.qualogy.com\/es\/?s={search_term_string}"},"query-input":{"@type":"PropertyValueSpecification","valueRequired":true,"valueName":"search_term_string"}}],"inLanguage":"es"},{"@type":"Organization","@id":"https:\/\/www.qualogy.com\/es\/#organization","name":"Qualogy","url":"https:\/\/www.qualogy.com\/es\/","logo":{"@type":"ImageObject","inLanguage":"es","@id":"https:\/\/www.qualogy.com\/es\/#\/schema\/logo\/image\/","url":"https:\/\/www.qualogy.com\/wp-content\/uploads\/2023\/01\/Group-1.svg","contentUrl":"https:\/\/www.qualogy.com\/wp-content\/uploads\/2023\/01\/Group-1.svg","width":1,"height":1,"caption":"Qualogy"},"image":{"@id":"https:\/\/www.qualogy.com\/es\/#\/schema\/logo\/image\/"},"sameAs":["https:\/\/www.facebook.com\/qualogy","https:\/\/x.com\/qualogy_news","https:\/\/www.youtube.com\/user\/Qualogytv","https:\/\/www.linkedin.com\/company\/qualogy\/"]}]}},"_links":{"self":[{"href":"https:\/\/www.qualogy.com\/es\/wp-json\/wp\/v2\/pages\/4328","targetHints":{"allow":["GET"]}}],"collection":[{"href":"https:\/\/www.qualogy.com\/es\/wp-json\/wp\/v2\/pages"}],"about":[{"href":"https:\/\/www.qualogy.com\/es\/wp-json\/wp\/v2\/types\/page"}],"author":[{"embeddable":true,"href":"https:\/\/www.qualogy.com\/es\/wp-json\/wp\/v2\/users\/19"}],"replies":[{"embeddable":true,"href":"https:\/\/www.qualogy.com\/es\/wp-json\/wp\/v2\/comments?post=4328"}],"version-history":[{"count":0,"href":"https:\/\/www.qualogy.com\/es\/wp-json\/wp\/v2\/pages\/4328\/revisions"}],"up":[{"embeddable":true,"href":"https:\/\/www.qualogy.com\/es\/wp-json\/wp\/v2\/pages\/4052"}],"wp:attachment":[{"href":"https:\/\/www.qualogy.com\/es\/wp-json\/wp\/v2\/media?parent=4328"}],"curies":[{"name":"wp","href":"https:\/\/api.w.org\/{rel}","templated":true}]}}